{"id":1114,"date":"2022-09-02T14:33:57","date_gmt":"2022-09-02T12:33:57","guid":{"rendered":"https:\/start"},"modified":"2025-07-09T16:25:07","modified_gmt":"2025-07-09T14:25:07","slug":"start","status":"publish","type":"page","link":"https:\/\/www.kfz-muellers-buero.de\/en\/","title":{"rendered":"home"},"content":{"rendered":"<p>[et_pb_section fb_built=&#8221;1&#8243; _builder_version=&#8221;4.27.4&#8243; _module_preset=&#8221;default&#8221; background_color=&#8221;RGBA(255,255,255,0)&#8221; width=&#8221;100%&#8221; width_tablet=&#8221;100%&#8221; width_phone=&#8221;93%&#8221; width_last_edited=&#8221;on|phone&#8221; module_alignment=&#8221;center&#8221; custom_padding=&#8221;||2px|||&#8221; locked=&#8221;off&#8221; global_colors_info=&#8221;{}&#8221;][et_pb_row column_structure=&#8221;3_5,2_5&#8243; _builder_version=&#8221;4.18.0&#8243; _module_preset=&#8221;default&#8221; background_color=&#8221;#FFFFFF&#8221; width=&#8221;100%&#8221; max_width=&#8221;1170px&#8221; custom_padding=&#8221;30px|25px|30px|25px|true|true&#8221; border_color_all=&#8221;rgba(0,0,0,0.16)&#8221; box_shadow_style=&#8221;preset3&#8243; box_shadow_color=&#8221;rgba(0,0,0,0.1)&#8221; global_colors_info=&#8221;{}&#8221;][et_pb_column type=&#8221;3_5&#8243; _builder_version=&#8221;4.18.0&#8243; _module_preset=&#8221;default&#8221; global_colors_info=&#8221;{}&#8221;][et_pb_text admin_label=&#8221;Text&#8221; _builder_version=&#8221;4.19.5&#8243; _module_preset=&#8221;default&#8221; custom_margin=&#8221;||0px||false|false&#8221; custom_padding=&#8221;||8px||false|false&#8221; global_colors_info=&#8221;{}&#8221;]<\/p>\n<h2>We examine<\/h2>\n<p>[\/et_pb_text][dsm_icon_list icon_color=&#8221;gcid-1ca4ca53-380e-4780-923f-2925773c63a5&#8243; icon_gap_width=&#8221;2.1em&#8221; icon_padding=&#8221;6px&#8221; icon_font_size=&#8221;23px&#8221; list_vertical_alignment=&#8221;flex-start&#8221; _builder_version=&#8221;4.19.5&#8243; _module_preset=&#8221;default&#8221; text_font_size=&#8221;25px&#8221; global_colors_info=&#8221;{%22gcid-1ca4ca53-380e-4780-923f-2925773c63a5%22:%91%22icon_color%22%93}&#8221;][dsm_icon_list_child text=&#8221;Cars, trucks and campervans&#8221; font_icon=&#8221;&#x5a;||divi||400&#8243; _builder_version=&#8221;4.19.5&#8243; _module_preset=&#8221;default&#8221; global_colors_info=&#8221;{}&#8221;][\/dsm_icon_list_child][dsm_icon_list_child text=&#8221;Trike, motorcycles and bicycles&#8221; font_icon=&#8221;&#x5a;||divi||400&#8243; _builder_version=&#8221;4.19.5&#8243; _module_preset=&#8221;default&#8221; global_colors_info=&#8221;{}&#8221;][\/dsm_icon_list_child][dsm_icon_list_child text=&#8221;Construction, agricultural and forest machineries&#8221; font_icon=&#8221;&#x5a;||divi||400&#8243; _builder_version=&#8221;4.19.5&#8243; _module_preset=&#8221;default&#8221; global_colors_info=&#8221;{}&#8221;][\/dsm_icon_list_child][\/dsm_icon_list][et_pb_button button_text=&#8221;Call Now!&#8221; _builder_version=&#8221;4.27.4&#8243; _module_preset=&#8221;default&#8221; locked=&#8221;off&#8221; global_colors_info=&#8221;{}&#8221;][\/et_pb_button][\/et_pb_column][et_pb_column type=&#8221;2_5&#8243; _builder_version=&#8221;4.18.0&#8243; _module_preset=&#8221;default&#8221; global_colors_info=&#8221;{}&#8221;][dsm_icon_list icon_padding=&#8221;4px&#8221; text_indent=&#8221;10px&#8221; admin_label=&#8221;Kontakt&#8221; _builder_version=&#8221;4.27.4&#8243; _module_preset=&#8221;default&#8221; background_color=&#8221;#f4f4f4&#8243; custom_margin=&#8221;||||false|false&#8221; custom_padding=&#8221;8px|6px|9px|16px|false|false&#8221; border_width_left=&#8221;9px&#8221; border_color_left=&#8221;gcid-47f3a732-95f9-4657-840c-2157b1141f28&#8243; global_colors_info=&#8221;{%22gcid-47f3a732-95f9-4657-840c-2157b1141f28%22:%91%22border_color_left%22%93}&#8221;][dsm_icon_list_child text=&#8221;+49 177 244 0218&#8243; font_icon=&#8221;&#xf879;||fa||900&#8243; use_tooltip=&#8221;on&#8221; url=&#8221;tel:+49177244%200218&#8243; _builder_version=&#8221;4.19.5&#8243; _module_preset=&#8221;default&#8221; custom_padding=&#8221;20px|4px|10px|11px|false|false&#8221; global_colors_info=&#8221;{}&#8221;]Mobile[\/dsm_icon_list_child][dsm_icon_list_child text=&#8221;kontakt@kfz-muellers-buero.de&#8221; font_icon=&#8221;&#xe076;||divi||400&#8243; use_tooltip=&#8221;on&#8221; url=&#8221;mailto:kontakt@kfz-muellers-buero.de&#8221; _builder_version=&#8221;4.27.4&#8243; _module_preset=&#8221;default&#8221; custom_padding=&#8221;20px|4px|10px|11px|false|false&#8221; global_colors_info=&#8221;{}&#8221;]E-mail[\/dsm_icon_list_child][dsm_icon_list_child text=&#8221;+49 341 4426799 (24 h)&#8221; font_icon=&#8221;&#xe103;||divi||400&#8243; use_tooltip=&#8221;on&#8221; url=&#8221;fax:+493414426799&#8243; _builder_version=&#8221;4.19.5&#8243; _module_preset=&#8221;default&#8221; custom_padding=&#8221;20px|4px|10px|11px|false|false&#8221; global_colors_info=&#8221;{}&#8221;]Fax[\/dsm_icon_list_child][\/dsm_icon_list][\/et_pb_column][\/et_pb_row][\/et_pb_section][et_pb_section fb_built=&#8221;1&#8243; _builder_version=&#8221;4.18.0&#8243; _module_preset=&#8221;default&#8221; background_color=&#8221;RGBA(255,255,255,0)&#8221; custom_margin=&#8221;0px||||false|false&#8221; custom_padding=&#8221;40px||2px|||&#8221; global_colors_info=&#8221;{}&#8221;][et_pb_row column_structure=&#8221;2_5,3_5&#8243; _builder_version=&#8221;4.27.4&#8243; _module_preset=&#8221;default&#8221; background_color=&#8221;#FFFFFF&#8221; width=&#8221;100%&#8221; width_tablet=&#8221;100%&#8221; width_phone=&#8221;93%&#8221; width_last_edited=&#8221;on|phone&#8221; max_width=&#8221;1170px&#8221; custom_padding=&#8221;30px|25px|30px|25px|true|true&#8221; border_width_all=&#8221;1px&#8221; border_color_all=&#8221;rgba(0,0,0,0.16)&#8221; box_shadow_style=&#8221;preset3&#8243; box_shadow_color=&#8221;rgba(0,0,0,0.1)&#8221; global_colors_info=&#8221;{}&#8221;][et_pb_column type=&#8221;2_5&#8243; _builder_version=&#8221;4.18.0&#8243; _module_preset=&#8221;default&#8221; global_colors_info=&#8221;{}&#8221;][dsm_text_notation before_text=&#8221;An Accident in the area of Leipzig?&#8221; notation_text=&#8221;No problem!&#8221; after_text=&#8221;We will help you at any time.&#8221; notation_type=&#8221;highlight&#8221; notation_color=&#8221;#ffee00&#8243; notation_iterations=&#8221;3&#8243; notation_viewport=&#8221;0%&#8221; _builder_version=&#8221;4.19.5&#8243; _module_preset=&#8221;default&#8221; global_colors_info=&#8221;{}&#8221;][\/dsm_text_notation][et_pb_text _builder_version=&#8221;4.19.5&#8243; _module_preset=&#8221;default&#8221; global_colors_info=&#8221;{}&#8221;]Imagine that you are involved in a road accident innocently and your &#8220;best piece&#8221; has been damaged more or less powerfully, then in such case you&#8217;ll need a competent expert who will help you with the claims report and its handling.[\/et_pb_text][et_pb_divider show_divider=&#8221;off&#8221; _builder_version=&#8221;4.18.0&#8243; _module_preset=&#8221;default&#8221; global_colors_info=&#8221;{}&#8221;][\/et_pb_divider][et_pb_button button_url=&#8221;@ET-DC@eyJkeW5hbWljIjp0cnVlLCJjb250ZW50IjoicG9zdF9saW5rX3VybF9wYWdlIiwic2V0dGluZ3MiOnsicG9zdF9pZCI6IjExMDMifX0=@&#8221; button_text=&#8221;Our services for you&#8221; _builder_version=&#8221;4.19.5&#8243; _dynamic_attributes=&#8221;button_url&#8221; _module_preset=&#8221;default&#8221; global_colors_info=&#8221;{}&#8221;][\/et_pb_button][\/et_pb_column][et_pb_column type=&#8221;3_5&#8243; _builder_version=&#8221;4.18.0&#8243; _module_preset=&#8221;default&#8221; global_colors_info=&#8221;{}&#8221;][et_pb_gallery gallery_ids=&#8221;728,727,725,722,721,719,717,771,772,773,774,775,792,798,799,800,844&#8243; gallery_orderby=&#8221;rand&#8221; fullwidth=&#8221;on&#8221; disabled_on=&#8221;on|off|off&#8221; _builder_version=&#8221;4.18.0&#8243; _module_preset=&#8221;default&#8221; auto=&#8221;on&#8221; auto_speed=&#8221;10000&#8243; border_width_all=&#8221;1px&#8221; border_color_all=&#8221;#d1d1d1&#8243; global_colors_info=&#8221;{}&#8221;][\/et_pb_gallery][\/et_pb_column][\/et_pb_row][\/et_pb_section][et_pb_section fb_built=&#8221;1&#8243; custom_padding_last_edited=&#8221;on|tablet&#8221; _builder_version=&#8221;4.27.4&#8243; _module_preset=&#8221;default&#8221; background_color=&#8221;RGBA(255,255,255,0)&#8221; max_width_tablet=&#8221;93%&#8221; max_width_phone=&#8221;93%&#8221; max_width_last_edited=&#8221;on|tablet&#8221; custom_margin_tablet=&#8221;||0px||false|false&#8221; custom_margin_phone=&#8221;||0px||false|false&#8221; custom_margin_last_edited=&#8221;on|tablet&#8221; custom_padding=&#8221;40px||0px||false|false&#8221; custom_padding_tablet=&#8221;||0px||false|false&#8221; custom_padding_phone=&#8221;||0px||false|false&#8221; module_alignment_tablet=&#8221;center&#8221; module_alignment_phone=&#8221;center&#8221; module_alignment_last_edited=&#8221;on|tablet&#8221; locked=&#8221;off&#8221; global_colors_info=&#8221;{}&#8221;][et_pb_row column_structure=&#8221;1_2,1_2&#8243; _builder_version=&#8221;4.18.0&#8243; _module_preset=&#8221;default&#8221; background_color=&#8221;#fcfcfc&#8221; width=&#8221;100%&#8221; max_width=&#8221;1170px&#8221; custom_padding=&#8221;30px|25px|30px|25px|true|true&#8221; border_width_all=&#8221;1px&#8221; border_color_all=&#8221;rgba(0,0,0,0.16)&#8221; box_shadow_style=&#8221;preset3&#8243; box_shadow_color=&#8221;rgba(0,0,0,0.1)&#8221; global_colors_info=&#8221;{}&#8221;][et_pb_column type=&#8221;1_2&#8243; _builder_version=&#8221;4.27.4&#8243; _module_preset=&#8221;default&#8221; global_colors_info=&#8221;{}&#8221;][et_pb_text _builder_version=&#8221;4.27.4&#8243; _module_preset=&#8221;default&#8221; custom_margin=&#8221;||0px||false|false&#8221; custom_padding=&#8221;1px||0px||false|false&#8221; global_colors_info=&#8221;{}&#8221;]<\/p>\n<h2>About Me.<\/h2>\n<p>[\/et_pb_text][dsm_icon_list icon_color=&#8221;gcid-1ca4ca53-380e-4780-923f-2925773c63a5&#8243; icon_gap_width=&#8221;2.1em&#8221; icon_padding=&#8221;6px&#8221; icon_font_size=&#8221;23px&#8221; _builder_version=&#8221;4.27.4&#8243; _module_preset=&#8221;default&#8221; text_font_size=&#8221;25px&#8221; global_colors_info=&#8221;{%22gcid-1ca4ca53-380e-4780-923f-2925773c63a5%22:%91%22icon_color%22%93}&#8221;][dsm_icon_list_child text=&#8221;Since 1988: Certified Automotive Master Technician&#8221; font_icon=&#8221;&#xf058;||fa||900&#8243; icon_color=&#8221;gcid-1ca4ca53-380e-4780-923f-2925773c63a5&#8243; _builder_version=&#8221;4.27.4&#8243; _module_preset=&#8221;default&#8221; text_font_size=&#8221;20px&#8221; global_colors_info=&#8221;{%22gcid-1ca4ca53-380e-4780-923f-2925773c63a5%22:%91%22icon_color%22%93}&#8221;][\/dsm_icon_list_child][dsm_icon_list_child text=&#8221;From 1991: Customer Service Manager at VW&#8221; font_icon=&#8221;&#xf058;||fa||900&#8243; _builder_version=&#8221;4.27.4&#8243; _module_preset=&#8221;default&#8221; text_font_size=&#8221;20px&#8221; global_colors_info=&#8221;{}&#8221;][\/dsm_icon_list_child][dsm_icon_list_child text=&#8221;Since 1995: Independent Automotive Expert&#8221; font_icon=&#8221;&#xf058;||fa||900&#8243; _builder_version=&#8221;4.27.4&#8243; _module_preset=&#8221;default&#8221; text_font_size=&#8221;20px&#8221; global_colors_info=&#8221;{}&#8221;][\/dsm_icon_list_child][dsm_icon_list_child text=&#8221;Since 2000: On-Site Accident Evidence Preservation&#8221; font_icon=&#8221;&#xf058;||fa||900&#8243; _builder_version=&#8221;4.27.4&#8243; _module_preset=&#8221;default&#8221; text_font_size=&#8221;20px&#8221; global_colors_info=&#8221;{}&#8221;][\/dsm_icon_list_child][\/dsm_icon_list][et_pb_text _builder_version=&#8221;4.27.4&#8243; _module_preset=&#8221;default&#8221; custom_padding=&#8221;||6px||false|false&#8221; global_colors_info=&#8221;{}&#8221;]<\/p>\n<p data-start=\"299\" data-end=\"650\">With decades of experience in the automotive field, I stand for expert knowledge, technical precision, and the highest standards of accuracy. My journey began as a certified automotive master technician, driven by a deep interest in technology and quality. Early on, I took on responsibility as a customer service manager at a renowned car dealership.<\/p>\n<p data-start=\"652\" data-end=\"867\">For many years, I have been working as an independent automotive expert. Whether it\u2019s accident damage, vehicle valuations, or technical analysis \u2013 I am your reliable contact for professional and trustworthy reports.<\/p>\n<p data-start=\"869\" data-end=\"1047\">Thanks to my specialized training in evidence preservation, I also operate directly at accident scenes \u2013 professionally, efficiently, and in full compliance with legal standards.<\/p>\n<p data-start=\"1015\" data-end=\"1086\" class=\"\">[\/et_pb_text][\/et_pb_column][et_pb_column type=&#8221;1_2&#8243; _builder_version=&#8221;4.18.0&#8243; _module_preset=&#8221;default&#8221; global_colors_info=&#8221;{}&#8221;][et_pb_image src=&#8221;https:\/\/www.kfz-muellers-buero.de\/wp-content\/uploads\/RolandMueller.webp&#8221; alt=&#8221;Bild von Herr M\u00fcller&#8221; title_text=&#8221;RolandMu\u0308ller&#8221; show_bottom_space=&#8221;off&#8221; align=&#8221;right&#8221; _builder_version=&#8221;4.27.4&#8243; _module_preset=&#8221;default&#8221; transform_scale_tablet=&#8221;&#8221; transform_scale_phone=&#8221;&#8221; transform_scale_last_edited=&#8221;on|phone&#8221; transform_translate=&#8221;119px|-4px&#8221; transform_translate_tablet=&#8221;119px|-4px&#8221; transform_translate_phone=&#8221;0px|-25px&#8221; transform_translate_last_edited=&#8221;on|phone&#8221; transform_translate_linked_phone=&#8221;off&#8221; transform_rotate_tablet=&#8221;&#8221; transform_rotate_phone=&#8221;&#8221; transform_rotate_last_edited=&#8221;on|phone&#8221; transform_skew_tablet=&#8221;&#8221; transform_skew_phone=&#8221;&#8221; transform_skew_last_edited=&#8221;on|phone&#8221; transform_origin_tablet=&#8221;&#8221; transform_origin_phone=&#8221;&#8221; transform_origin_last_edited=&#8221;on|phone&#8221; transform_styles_last_edited=&#8221;on|phone&#8221; width=&#8221;96%&#8221; max_width=&#8221;400px&#8221; max_width_tablet=&#8221;400px&#8221; max_width_phone=&#8221;400px&#8221; max_width_last_edited=&#8221;on|desktop&#8221; module_alignment=&#8221;left&#8221; animation_style=&#8221;slide&#8221; animation_direction=&#8221;left&#8221; transform_styles_tablet=&#8221;&#8221; transform_styles_phone=&#8221;&#8221; global_colors_info=&#8221;{}&#8221;][\/et_pb_image][\/et_pb_column][\/et_pb_row][\/et_pb_section][et_pb_section fb_built=&#8221;1&#8243; _builder_version=&#8221;4.18.0&#8243; _module_preset=&#8221;default&#8221; background_color=&#8221;RGBA(255,255,255,0)&#8221; custom_padding=&#8221;39px|||||&#8221; global_colors_info=&#8221;{}&#8221;][et_pb_row column_structure=&#8221;2_5,3_5&#8243; _builder_version=&#8221;4.27.4&#8243; _module_preset=&#8221;default&#8221; background_color=&#8221;#fcfcfc&#8221; width=&#8221;100%&#8221; width_tablet=&#8221;100%&#8221; width_phone=&#8221;93%&#8221; width_last_edited=&#8221;on|phone&#8221; max_width=&#8221;1170px&#8221; custom_padding=&#8221;30px|25px|30px|25px|true|true&#8221; border_width_all=&#8221;1px&#8221; border_color_all=&#8221;rgba(0,0,0,0.16)&#8221; box_shadow_style=&#8221;preset3&#8243; box_shadow_color=&#8221;rgba(0,0,0,0.1)&#8221; global_colors_info=&#8221;{}&#8221;][et_pb_column type=&#8221;2_5&#8243; _builder_version=&#8221;4.18.0&#8243; _module_preset=&#8221;default&#8221; global_colors_info=&#8221;{}&#8221;][et_pb_image src=&#8221;https:\/\/www.kfz-muellers-buero.de\/wp-content\/uploads\/muellers-buero-auto.webp&#8221; title_text=&#8221;muellers-buero-auto&#8221; _builder_version=&#8221;4.27.4&#8243; _module_preset=&#8221;default&#8221; width=&#8221;90%&#8221; max_width=&#8221;400px&#8221; max_width_tablet=&#8221;400px&#8221; max_width_phone=&#8221;400px&#8221; max_width_last_edited=&#8221;on|desktop&#8221; module_alignment=&#8221;left&#8221; animation_style=&#8221;slide&#8221; animation_direction=&#8221;left&#8221; hover_enabled=&#8221;0&#8243; global_colors_info=&#8221;{}&#8221; alt=&#8221;Firmenwagen von M\u00fcllers B\u00fcro Leipzig\u2013 Gro\u00dfes schwarzes Auto mit auff\u00e4lligem Branding in gelber und wei\u00dfer Schrift: \u201aM\u00fcllers B\u00fcro \u2013 Freier &#038; unabh\u00e4ngiger Sachverst\u00e4ndiger im Kfz-Wesen\u2018.&#8221; sticky_enabled=&#8221;0&#8243;][\/et_pb_image][\/et_pb_column][et_pb_column type=&#8221;3_5&#8243; _builder_version=&#8221;4.18.0&#8243; _module_preset=&#8221;default&#8221; custom_padding=&#8221;|10px||10px|false|false&#8221; global_colors_info=&#8221;{}&#8221;][et_pb_text _builder_version=&#8221;4.19.5&#8243; _module_preset=&#8221;default&#8221; custom_margin=&#8221;||0px||false|false&#8221; custom_padding=&#8221;||0px||false|false&#8221; global_colors_info=&#8221;{}&#8221;]<\/p>\n<h2>Since 1995, <em>M\u00fcller&#8217;s&nbsp;office <\/em>is well known for<\/h2>\n<p>[\/et_pb_text][dsm_icon_list icon_color=&#8221;gcid-1ca4ca53-380e-4780-923f-2925773c63a5&#8243; icon_gap_width=&#8221;2.1em&#8221; icon_padding=&#8221;6px&#8221; icon_font_size=&#8221;23px&#8221; _builder_version=&#8221;4.19.5&#8243; _module_preset=&#8221;default&#8221; text_font_size=&#8221;25px&#8221; global_colors_info=&#8221;{%22gcid-1ca4ca53-380e-4780-923f-2925773c63a5%22:%91%22icon_color%22%93}&#8221;][dsm_icon_list_child text=&#8221; competence&#8221; font_icon=&#8221;&#xf058;||fa||900&#8243; icon_color=&#8221;gcid-1ca4ca53-380e-4780-923f-2925773c63a5&#8243; _builder_version=&#8221;4.19.5&#8243; _module_preset=&#8221;default&#8221; global_colors_info=&#8221;{%22gcid-1ca4ca53-380e-4780-923f-2925773c63a5%22:%91%22icon_color%22%93}&#8221;][\/dsm_icon_list_child][dsm_icon_list_child text=&#8221;flexibility&#8221; font_icon=&#8221;&#xf058;||fa||900&#8243; _builder_version=&#8221;4.19.5&#8243; _module_preset=&#8221;default&#8221; global_colors_info=&#8221;{}&#8221;][\/dsm_icon_list_child][dsm_icon_list_child text=&#8221;reliability&#8221; font_icon=&#8221;&#xf058;||fa||900&#8243; _builder_version=&#8221;4.19.5&#8243; _module_preset=&#8221;default&#8221; global_colors_info=&#8221;{}&#8221;][\/dsm_icon_list_child][\/dsm_icon_list][et_pb_text _builder_version=&#8221;4.19.5&#8243; _module_preset=&#8221;default&#8221; custom_padding=&#8221;||6px||false|false&#8221; global_colors_info=&#8221;{}&#8221;]concerning the statement of damage and handling. It doesn&#8217;t matter if it&#8217;s a motorbike, a car or a lorry which has been damaged. In addition we offer an individual assistance free of charge for all motor vehicle matters of damage regarding the handling of damage.[\/et_pb_text][\/et_pb_column][\/et_pb_row][\/et_pb_section]<\/p>\n","protected":false},"excerpt":{"rendered":"<p>We examine<div class=\"et_pb_module dsm_icon_list dsm_icon_list_0\">\n\t\t\t\t\n\t\t\t\t\n\t\t\t\t\n\t\t\t\t\n\t\t\t\t\n\t\t\t\t\n\t\t\t\t<div class=\"et_pb_module_inner\">\n\t\t\t\t\t<ul class=\"dsm_icon_list_items dsm_icon_list_ltr_direction dsm_icon_list_layout_vertical\"><li class=\"dsm_icon_list_child dsm_icon_list_child_0\">\n\t\t\t\t\n\t\t\t\t\n\t\t\t\t\n\t\t\t\t\n\t\t\t\t<span class=\"dsm_icon_list_wrapper\"><span class=\"dsm_icon_list_icon\">Z<\/span><\/span><span class=\"dsm_icon_list_text\">Cars, trucks and campervans<\/span>\n\t\t\t<\/li><li class=\"dsm_icon_list_child dsm_icon_list_child_1\">\n\t\t\t\t\n\t\t\t\t\n\t\t\t\t\n\t\t\t\t\n\t\t\t\t<span class=\"dsm_icon_list_wrapper\"><span class=\"dsm_icon_list_icon\">Z<\/span><\/span><span class=\"dsm_icon_list_text\">Trike, motorcycles and bicycles<\/span>\n\t\t\t<\/li><li class=\"dsm_icon_list_child dsm_icon_list_child_2\">\n\t\t\t\t\n\t\t\t\t\n\t\t\t\t\n\t\t\t\t\n\t\t\t\t<span class=\"dsm_icon_list_wrapper\"><span class=\"dsm_icon_list_icon\">Z<\/span><\/span><span class=\"dsm_icon_list_text\">Construction, agricultural and forest machineries<\/span>\n\t\t\t<\/li><\/ul>\n\t\t\t\t<\/div>\n\t\t\t<\/div><div class=\"et_pb_with_border et_pb_module dsm_icon_list dsm_icon_list_1\">\n\t\t\t\t\n\t\t\t\t\n\t\t\t\t\n\t\t\t\t\n\t\t\t\t\n\t\t\t\t\n\t\t\t\t<div class=\"et_pb_module_inner\">\n\t\t\t\t\t<ul class=\"dsm_icon_list_items dsm_icon_list_ltr_direction dsm_icon_list_layout_vertical\"><\/ul>\n\t\t\t\t<\/div>\n\t\t\t<\/div><li class=\"dsm_icon_list_child dsm_icon_list_child_3\">\n\t\t\t\t\n\t\t\t\t\n\t\t\t\t\n\t\t\t\t\n\t\t\t\t<span class=\"dsm_icon_list_wrapper\"><span class=\"dsm_icon_list_icon\"><\/span><\/span><span class=\"dsm_icon_list_text\">&#8221;+49<\/span>\n\t\t\t<\/li><\/p>\n","protected":false},"author":1,"featured_media":0,"parent":0,"menu_order":0,"comment_status":"closed","ping_status":"closed","template":"","meta":{"_et_pb_use_builder":"on","_et_pb_old_content":"","_et_gb_content_width":"","footnotes":""},"class_list":["post-1114","page","type-page","status-publish","hentry"],"_links":{"self":[{"href":"https:\/\/www.kfz-muellers-buero.de\/en\/wp-json\/wp\/v2\/pages\/1114","targetHints":{"allow":["GET"]}}],"collection":[{"href":"https:\/\/www.kfz-muellers-buero.de\/en\/wp-json\/wp\/v2\/pages"}],"about":[{"href":"https:\/\/www.kfz-muellers-buero.de\/en\/wp-json\/wp\/v2\/types\/page"}],"author":[{"embeddable":true,"href":"https:\/\/www.kfz-muellers-buero.de\/en\/wp-json\/wp\/v2\/users\/1"}],"replies":[{"embeddable":true,"href":"https:\/\/www.kfz-muellers-buero.de\/en\/wp-json\/wp\/v2\/comments?post=1114"}],"version-history":[{"count":5,"href":"https:\/\/www.kfz-muellers-buero.de\/en\/wp-json\/wp\/v2\/pages\/1114\/revisions"}],"predecessor-version":[{"id":1544,"href":"https:\/\/www.kfz-muellers-buero.de\/en\/wp-json\/wp\/v2\/pages\/1114\/revisions\/1544"}],"wp:attachment":[{"href":"https:\/\/www.kfz-muellers-buero.de\/en\/wp-json\/wp\/v2\/media?parent=1114"}],"curies":[{"name":"wp","href":"https:\/\/api.w.org\/{rel}","templated":true}]}}