{"id":1106,"date":"2022-10-01T16:28:30","date_gmt":"2022-10-01T14:28:30","guid":{"rendered":"https:\/online-auftrag"},"modified":"2023-04-20T15:54:41","modified_gmt":"2023-04-20T13:54:41","slug":"online-auftrag","status":"publish","type":"page","link":"https:\/\/www.kfz-muellers-buero.de\/en\/online-auftrag\/","title":{"rendered":"online order placement"},"content":{"rendered":"<p>[et_pb_section fb_built=&#8221;1&#8243; _builder_version=&#8221;4.18.0&#8243; _module_preset=&#8221;default&#8221; background_color=&#8221;RGBA(255,255,255,0)&#8221; global_colors_info=&#8221;{}&#8221;][et_pb_row column_structure=&#8221;2_3,1_3&#8243; _builder_version=&#8221;4.18.0&#8243; _module_preset=&#8221;default&#8221; background_color=&#8221;#FFFFFF&#8221; width=&#8221;100%&#8221; max_width=&#8221;1170px&#8221; custom_padding=&#8221;30px|25px|30px|25px|true|true&#8221; border_color_all=&#8221;rgba(0,0,0,0.16)&#8221; box_shadow_style=&#8221;preset3&#8243; box_shadow_color=&#8221;rgba(0,0,0,0.1)&#8221; global_colors_info=&#8221;{}&#8221;][et_pb_column type=&#8221;2_3&#8243; _builder_version=&#8221;4.18.0&#8243; _module_preset=&#8221;default&#8221; global_colors_info=&#8221;{}&#8221;][dsm_text_notation notation_text=&#8221;online order placement&#8221; notation_type=&#8221;highlight&#8221; notation_color=&#8221;#ffee00&#8243; notation_delay=&#8221;250ms&#8221; _builder_version=&#8221;4.20.4&#8243; _module_preset=&#8221;default&#8221; header_font_size=&#8221;36px&#8221; custom_margin=&#8221;||0px||false|false&#8221; hover_enabled=&#8221;0&#8243; header_font_size_tablet=&#8221;27px&#8221; header_font_size_phone=&#8221;22px&#8221; header_font_size_last_edited=&#8221;on|desktop&#8221; global_colors_info=&#8221;{}&#8221; sticky_enabled=&#8221;0&#8243; locked=&#8221;off&#8221;][\/dsm_text_notation][et_pb_text _builder_version=&#8221;4.20.4&#8243; _module_preset=&#8221;default&#8221; header_2_font_size=&#8221;36px&#8221; hover_enabled=&#8221;0&#8243; header_2_font_size_tablet=&#8221;27px&#8221; header_2_font_size_phone=&#8221;22px&#8221; header_2_font_size_last_edited=&#8221;on|desktop&#8221; global_colors_info=&#8221;{}&#8221; locked=&#8221;off&#8221; sticky_enabled=&#8221;0&#8243;]<\/p>\n<h2>and useful service forms<\/h2>\n<p>[\/et_pb_text][dsm_icon_list icon_color=&#8221;gcid-1ca4ca53-380e-4780-923f-2925773c63a5&#8243; icon_gap_width=&#8221;2.1em&#8221; icon_padding=&#8221;6px&#8221; icon_font_size=&#8221;23px&#8221; list_vertical_alignment=&#8221;flex-start&#8221; _builder_version=&#8221;4.20.4&#8243; _module_preset=&#8221;default&#8221; text_font_size=&#8221;25px&#8221; text_font_size_tablet=&#8221;22px&#8221; text_font_size_phone=&#8221;18px&#8221; text_font_size_last_edited=&#8221;on|phone&#8221; global_colors_info=&#8221;{%22gcid-1ca4ca53-380e-4780-923f-2925773c63a5%22:%91%22icon_color%22,%22icon_color%22%93}&#8221;][dsm_icon_list_child text=&#8221;Placing of order: Accident appraisal (German)&#8221; font_icon=&#8221;&#xf1c1;||fa||900&#8243; use_tooltip=&#8221;on&#8221; url=&#8221;https:\/\/www.kfz-muellers-buero.de\/wp-content\/uploads\/AuftragUnfall.pdf&#8221; url_new_window=&#8221;on&#8221; _builder_version=&#8221;4.19.5&#8243; _module_preset=&#8221;default&#8221; global_colors_info=&#8221;{}&#8221;]Um das Formular \u00f6ffnen und bearbeiten zu k\u00f6nnen, ben\u00f6tigen Sie das Programm Acrobat Reader. [\/dsm_icon_list_child][dsm_icon_list_child text=&#8221;Placing of order: Vehicle assessment (German)&#8221; font_icon=&#8221;&#xf1c1;||fa||900&#8243; use_tooltip=&#8221;on&#8221; url=&#8221;https:\/\/www.kfz-muellers-buero.de\/wp-content\/uploads\/AuftragFzbw.pdf&#8221; url_new_window=&#8221;on&#8221; _builder_version=&#8221;4.19.5&#8243; _module_preset=&#8221;default&#8221; global_colors_info=&#8221;{}&#8221;]Um das Formular \u00f6ffnen und bearbeiten zu k\u00f6nnen, ben\u00f6tigen Sie das Programm Acrobat Reader. [\/dsm_icon_list_child][dsm_icon_list_child text=&#8221;Declaration of assignment (German)&#8221; font_icon=&#8221;&#xf1c1;||fa||900&#8243; use_tooltip=&#8221;on&#8221; url=&#8221;https:\/\/www.kfz-muellers-buero.de\/wp-content\/uploads\/AbtretungMuellersBuero2020.pdf&#8221; url_new_window=&#8221;on&#8221; _builder_version=&#8221;4.19.5&#8243; _module_preset=&#8221;default&#8221; global_colors_info=&#8221;{}&#8221;]Um das Formular \u00f6ffnen und bearbeiten zu k\u00f6nnen, ben\u00f6tigen Sie das Programm Acrobat Reader. [\/dsm_icon_list_child][dsm_icon_list_child text=&#8221;Online questionnaire for claimants (German)&#8221; font_icon=&#8221;&#xf1c1;||fa||900&#8243; use_tooltip=&#8221;on&#8221; url=&#8221;https:\/\/www.kfz-muellers-buero.de\/wp-content\/uploads\/FragebogenVers_01.pdf&#8221; url_new_window=&#8221;on&#8221; _builder_version=&#8221;4.19.5&#8243; _module_preset=&#8221;default&#8221; global_colors_info=&#8221;{}&#8221;]Um das Formular \u00f6ffnen und bearbeiten zu k\u00f6nnen, ben\u00f6tigen Sie das Programm Acrobat Reader. [\/dsm_icon_list_child][dsm_icon_list_child text=&#8221;Purchase contract form Mobile.de (German) &#8221; font_icon=&#8221;&#xf1c1;||fa||400&#8243; use_tooltip=&#8221;on&#8221; url=&#8221;https:\/\/www.kfz-muellers-buero.de\/wp-content\/uploads\/Mobilekaufvertrag.pdf&#8221; url_new_window=&#8221;on&#8221; _builder_version=&#8221;4.19.5&#8243; _module_preset=&#8221;default&#8221; global_colors_info=&#8221;{}&#8221;]Um das Formular \u00f6ffnen und bearbeiten zu k\u00f6nnen, ben\u00f6tigen Sie das Programm Acrobat Reader. [\/dsm_icon_list_child][dsm_icon_list_child text=&#8221;Purchase contract form BikeMarkt.de (German)&#8221; font_icon=&#8221;&#xf1c1;||fa||400&#8243; use_tooltip=&#8221;on&#8221; url=&#8221;https:\/\/www.kfz-muellers-buero.de\/wp-content\/uploads\/KaufvertragBike.pdf&#8221; url_new_window=&#8221;on&#8221; _builder_version=&#8221;4.19.5&#8243; _module_preset=&#8221;default&#8221; global_colors_info=&#8221;{}&#8221;]Um das Formular \u00f6ffnen und bearbeiten zu k\u00f6nnen, ben\u00f6tigen Sie das Programm Acrobat Reader. [\/dsm_icon_list_child][dsm_icon_list_child text=&#8221;Repair schedule (German)&#8221; font_icon=&#8221;&#xf1c1;||fa||400&#8243; use_tooltip=&#8221;on&#8221; url=&#8221;https:\/\/www.kfz-muellers-buero.de\/wp-content\/uploads\/Reparaturablaufplan.pdf&#8221; url_new_window=&#8221;on&#8221; _builder_version=&#8221;4.19.5&#8243; _module_preset=&#8221;default&#8221; global_colors_info=&#8221;{}&#8221;]Um das Formular \u00f6ffnen und bearbeiten zu k\u00f6nnen, ben\u00f6tigen Sie das Programm Acrobat Reader. [\/dsm_icon_list_child][dsm_icon_list_child text=&#8221;Cancellation policy (German)&#8221; font_icon=&#8221;&#xf1c1;||fa||900&#8243; use_tooltip=&#8221;on&#8221; url=&#8221;https:\/\/www.kfz-muellers-buero.de\/wp-content\/uploads\/Widerrufsformular.pdf&#8221; url_new_window=&#8221;on&#8221; _builder_version=&#8221;4.19.5&#8243; _module_preset=&#8221;default&#8221; global_colors_info=&#8221;{}&#8221;]Um das Formular \u00f6ffnen und bearbeiten zu k\u00f6nnen, ben\u00f6tigen Sie das Programm Acrobat Reader. [\/dsm_icon_list_child][\/dsm_icon_list][\/et_pb_column][et_pb_column type=&#8221;1_3&#8243; _builder_version=&#8221;4.18.0&#8243; _module_preset=&#8221;default&#8221; global_colors_info=&#8221;{}&#8221;][et_pb_icon font_icon=&#8221;&#xe092;||divi||400&#8243; icon_color=&#8221;gcid-189b3593-3d9a-42f8-8bc7-bc9e281d59b9&#8243; _builder_version=&#8221;4.18.0&#8243; _module_preset=&#8221;default&#8221; custom_margin=&#8221;20px||20px||true|false&#8221; global_colors_info=&#8221;{%22gcid-189b3593-3d9a-42f8-8bc7-bc9e281d59b9%22:%91%22icon_color%22%93}&#8221;][\/et_pb_icon][et_pb_divider show_divider=&#8221;off&#8221; _builder_version=&#8221;4.18.0&#8243; _module_preset=&#8221;default&#8221; global_colors_info=&#8221;{}&#8221;][\/et_pb_divider][et_pb_blurb use_icon=&#8221;on&#8221; font_icon=&#8221;&#xf05a;||fa||900&#8243; icon_color=&#8221;gcid-189b3593-3d9a-42f8-8bc7-bc9e281d59b9&#8243; icon_placement=&#8221;left&#8221; admin_label=&#8221;Informationstext&#8221; _builder_version=&#8221;4.19.5&#8243; _module_preset=&#8221;default&#8221; body_font=&#8221;Noway-Medium|300|||||||&#8221; body_text_color=&#8221;rgba(0,0,0,0.44)&#8221; body_link_text_color=&#8221;gcid-1ca4ca53-380e-4780-923f-2925773c63a5&#8243; global_colors_info=&#8221;{%22gcid-189b3593-3d9a-42f8-8bc7-bc9e281d59b9%22:%91%22icon_color%22%93,%22gcid-1ca4ca53-380e-4780-923f-2925773c63a5%22:%91%22body_link_text_color%22%93}&#8221;]<\/p>\n<p>You need Acrobat Reader to open and edit PDF files. If this programme is not installed on your computer, you can download and install it free of charge from the Adobe website: <a href=\"https:\/\/get.adobe.com\/reader\/\" target=\"_blank\" rel=\"noopener\">to the Adobe homepage<\/a><\/p>\n<p>[\/et_pb_blurb][\/et_pb_column][\/et_pb_row][\/et_pb_section]<\/p>\n","protected":false},"excerpt":{"rendered":"<p><div class=\"et_pb_module dsm_text_notation dsm_text_notation_0  et_pb_bg_layout_light\">\n\t\t\t\t\n\t\t\t\t\n\t\t\t\t\n\t\t\t\t\n\t\t\t\t\n\t\t\t\t\n\t\t\t\t<div class=\"et_pb_module_inner\">\n\t\t\t\t\t<h1 class=\"dsm-text-notation-main et_pb_module_header\"><span data-notation=\"[{&quot;type&quot;:&quot;highlight&quot;,&quot;color&quot;:&quot;#ffee00&quot;,&quot;stroke-width&quot;:&quot;1&quot;,&quot;iterations&quot;:&quot;2&quot;,&quot;brackets&quot;:&quot;left|right&quot;,&quot;viewport&quot;:&quot;80%&quot;,&quot;delay&quot;:&quot;250ms&quot;,&quot;divi-animate&quot;:&quot;none&quot;,&quot;divi-animate-duration&quot;:&quot;1000ms&quot;,&quot;divi-animate-delay&quot;:&quot;0ms&quot;}]\" class=\"dsm-text-notation-middle\">online order placement<\/span><\/h1>\n\t\t\t\t<\/div>\n\t\t\t<\/div>and useful service forms<div class=\"et_pb_module dsm_icon_list dsm_icon_list_0\">\n\t\t\t\t\n\t\t\t\t\n\t\t\t\t\n\t\t\t\t\n\t\t\t\t\n\t\t\t\t\n\t\t\t\t<div class=\"et_pb_module_inner\">\n\t\t\t\t\t<ul class=\"dsm_icon_list_items dsm_icon_list_ltr_direction dsm_icon_list_layout_vertical\"><\/ul>\n\t\t\t\t<\/div>\n\t\t\t<\/div><li class=\"dsm_icon_list_child dsm_icon_list_child_0 dsm_icon_list_child_tooltip\">\n\t\t\t\t\n\t\t\t\t\n\t\t\t\t\n\t\t\t\t\n\t\t\t\t<div class=\"dsm_icon_list_tooltip\" data-tippy-arrow=\"true\" data-tippy-placement=\"right\" data-dsm-slug=\"dsm_icon_list_child_0\"><a href=\"https:\/\/www.kfz-muellers-buero.de\/wp-content\/uploads\/AuftragUnfall.pdf\" target=\"_blank\"><span class=\"dsm_icon_list_wrapper\"><span class=\"dsm_icon_list_icon\">\uf1c1<\/span><\/span><span class=\"dsm_icon_list_text\">Placing of order: Accident appraisal (German)<\/span><\/a><\/div>\n\t\t\t<\/li>Um das Formular \u00f6ffnen und bearbeiten zu k\u00f6nnen, ben\u00f6tigen Sie [&hellip;]<\/p>\n","protected":false},"author":1,"featured_media":0,"parent":0,"menu_order":0,"comment_status":"closed","ping_status":"closed","template":"","meta":{"_et_pb_use_builder":"on","_et_pb_old_content":"","_et_gb_content_width":"","footnotes":""},"class_list":["post-1106","page","type-page","status-publish","hentry"],"_links":{"self":[{"href":"https:\/\/www.kfz-muellers-buero.de\/en\/wp-json\/wp\/v2\/pages\/1106","targetHints":{"allow":["GET"]}}],"collection":[{"href":"https:\/\/www.kfz-muellers-buero.de\/en\/wp-json\/wp\/v2\/pages"}],"about":[{"href":"https:\/\/www.kfz-muellers-buero.de\/en\/wp-json\/wp\/v2\/types\/page"}],"author":[{"embeddable":true,"href":"https:\/\/www.kfz-muellers-buero.de\/en\/wp-json\/wp\/v2\/users\/1"}],"replies":[{"embeddable":true,"href":"https:\/\/www.kfz-muellers-buero.de\/en\/wp-json\/wp\/v2\/comments?post=1106"}],"version-history":[{"count":0,"href":"https:\/\/www.kfz-muellers-buero.de\/en\/wp-json\/wp\/v2\/pages\/1106\/revisions"}],"wp:attachment":[{"href":"https:\/\/www.kfz-muellers-buero.de\/en\/wp-json\/wp\/v2\/media?parent=1106"}],"curies":[{"name":"wp","href":"https:\/\/api.w.org\/{rel}","templated":true}]}}